{"id":362,"date":"2014-09-09T16:38:35","date_gmt":"2014-09-09T14:38:35","guid":{"rendered":"http:\/\/arsiv.bodrumcup.com\/?page_id=362"},"modified":"2019-08-01T13:48:32","modified_gmt":"2019-08-01T11:48:32","slug":"ana-sayfa","status":"publish","type":"page","link":"https:\/\/arsiv.bodrumcup.com\/en\/","title":{"rendered":""},"content":{"rendered":"<p>Merhabalar, Bodrumcup Sitesi Ar\u015fivlerine Hos Geldiniz Gecmis y\u0131llardaki sonu\u00e7lar\u0131m\u0131za ve foto\u011fraflar\u0131m\u0131za bu b\u00f6l\u00fcmden ula\u015fabilirsiniz.<\/p>","protected":false},"excerpt":{"rendered":"<p>Merhabalar, Bodrumcup Sitesi Ar\u015fivlerine Hos Geldiniz Gecmis y\u0131llardaki sonu\u00e7lar\u0131m\u0131za ve foto\u011fraflar\u0131m\u0131za bu b\u00f6l\u00fcmden ula\u015fabilirsiniz.<\/p>\n","protected":false},"author":1,"featured_media":0,"parent":0,"menu_order":0,"comment_status":"closed","ping_status":"closed","template":"","meta":[],"_links":{"self":[{"href":"https:\/\/arsiv.bodrumcup.com\/en\/wp-json\/wp\/v2\/pages\/362"}],"collection":[{"href":"https:\/\/arsiv.bodrumcup.com\/en\/wp-json\/wp\/v2\/pages"}],"about":[{"href":"https:\/\/arsiv.bodrumcup.com\/en\/wp-json\/wp\/v2\/types\/page"}],"author":[{"embeddable":true,"href":"https:\/\/arsiv.bodrumcup.com\/en\/wp-json\/wp\/v2\/users\/1"}],"replies":[{"embeddable":true,"href":"https:\/\/arsiv.bodrumcup.com\/en\/wp-json\/wp\/v2\/comments?post=362"}],"version-history":[{"count":16,"href":"https:\/\/arsiv.bodrumcup.com\/en\/wp-json\/wp\/v2\/pages\/362\/revisions"}],"predecessor-version":[{"id":3523,"href":"https:\/\/arsiv.bodrumcup.com\/en\/wp-json\/wp\/v2\/pages\/362\/revisions\/3523"}],"wp:attachment":[{"href":"https:\/\/arsiv.bodrumcup.com\/en\/wp-json\/wp\/v2\/media?parent=362"}],"curies":[{"name":"wp","href":"https:\/\/api.w.org\/{rel}","templated":true}]}}